{"id":15,"date":"2025-11-26T03:33:22","date_gmt":"2025-11-26T09:33:22","guid":{"rendered":"https:\/\/pinturasemilios.directorio-comercial.com\/?page_id=15"},"modified":"2025-12-04T19:29:49","modified_gmt":"2025-12-05T01:29:49","slug":"inicio","status":"publish","type":"page","link":"https:\/\/pinturasemilios.directorio-comercial.com\/","title":{"rendered":"Inicio"},"content":{"rendered":"\n<div class=\"wp-block-columns is-layout-flex wp-container-core-columns-is-layout-28f84493 wp-block-columns-is-layout-flex\">\n<div class=\"wp-block-column is-layout-flow wp-block-column-is-layout-flow\" style=\"flex-basis:2%\"><\/div>\n\n\n\n<div class=\"wp-block-column is-layout-flow wp-block-column-is-layout-flow\" style=\"flex-basis:96%\">\n<div class=\"wp-block-group is-content-justification-center is-nowrap is-layout-flex wp-container-core-group-is-layout-23441af8 wp-block-group-is-layout-flex\">\n<img loading=\"lazy\" decoding=\"async\" width=\"1583\" height=\"635\" data-media-id=\"28\" class=\"gb-media-1d5f03e2\" alt=\"\" src=\"https:\/\/pinturasemilios.directorio-comercial.com\/wp-content\/uploads\/2025\/11\/poster.png\" srcset=\"https:\/\/pinturasemilios.directorio-comercial.com\/wp-content\/uploads\/2025\/11\/poster.png 1583w, https:\/\/pinturasemilios.directorio-comercial.com\/wp-content\/uploads\/2025\/11\/poster-300x120.png 300w, https:\/\/pinturasemilios.directorio-comercial.com\/wp-content\/uploads\/2025\/11\/poster-1024x411.png 1024w, https:\/\/pinturasemilios.directorio-comercial.com\/wp-content\/uploads\/2025\/11\/poster-768x308.png 768w, https:\/\/pinturasemilios.directorio-comercial.com\/wp-content\/uploads\/2025\/11\/poster-1536x616.png 1536w\" sizes=\"auto, (max-width: 1583px) 100vw, 1583px\" \/>\n<\/div>\n<\/div>\n\n\n\n<div class=\"wp-block-column is-layout-flow wp-block-column-is-layout-flow\" style=\"flex-basis:2%\"><\/div>\n<\/div>\n\n\n\n<h2 class=\"gb-text gb-text-4444eec6\">\u201cLa mejor pintura al mejor precio\u201d<\/h2>\n\n\n\n<div class=\"wp-block-group alignwide has-global-padding is-layout-constrained wp-container-core-group-is-layout-05f039e2 wp-block-group-is-layout-constrained\" style=\"margin-top:0;margin-bottom:0;padding-top:0;padding-right:var(--wp--preset--spacing--10);padding-bottom:0;padding-left:var(--wp--preset--spacing--10)\">\n<div class=\"wp-block-columns is-layout-flex wp-container-core-columns-is-layout-28f84493 wp-block-columns-is-layout-flex\">\n<div class=\"wp-block-column is-layout-flow wp-block-column-is-layout-flow\" style=\"flex-basis:33.33%\">\n<h2 class=\"wp-block-heading has-base-2-color has-text-color has-link-color wp-elements-6ffbeb04fadd88e41ccf823847ef7935\" style=\"border-radius:29px;padding-top:0;padding-right:var(--wp--preset--spacing--10);padding-bottom:0;padding-left:var(--wp--preset--spacing--10)\">Conoce un poco de nosotros<\/h2>\n<\/div>\n\n\n\n<div class=\"wp-block-column is-layout-flow wp-block-column-is-layout-flow\" style=\"flex-basis:66.66%\">\n<p class=\"gb-text gb-text-2334b05b\">Ofrecemos una completa gama de pinturas vin\u00edlicas, esmaltes, barnices y pintura automotriz, ideales para todos los proyectos: desde interiores y exteriores hasta acabados profesionales en veh\u00edculos. Calidad confiable, acabados duraderos y precios competitivos que se adaptan a tu presupuesto.<\/p>\n<\/div>\n<\/div>\n\n\n\n<div style=\"height:20px\" aria-hidden=\"true\" class=\"wp-block-spacer\"><\/div>\n\n\n\n<div class=\"wp-block-columns are-vertically-aligned-center is-layout-flex wp-container-core-columns-is-layout-4e25967d wp-block-columns-is-layout-flex\" style=\"padding-right:var(--wp--preset--spacing--10);padding-left:var(--wp--preset--spacing--10)\">\n<div class=\"wp-block-column is-vertically-aligned-center is-layout-flow wp-block-column-is-layout-flow\" style=\"flex-basis:33.33%\">\n<img loading=\"lazy\" decoding=\"async\" width=\"1200\" height=\"1600\" data-media-id=\"29\" class=\"gb-media-7769b24c\" alt=\"\" src=\"https:\/\/pinturasemilios.directorio-comercial.com\/wp-content\/uploads\/2025\/11\/1.jpeg\" srcset=\"https:\/\/pinturasemilios.directorio-comercial.com\/wp-content\/uploads\/2025\/11\/1.jpeg 1200w, https:\/\/pinturasemilios.directorio-comercial.com\/wp-content\/uploads\/2025\/11\/1-225x300.jpeg 225w, https:\/\/pinturasemilios.directorio-comercial.com\/wp-content\/uploads\/2025\/11\/1-768x1024.jpeg 768w, https:\/\/pinturasemilios.directorio-comercial.com\/wp-content\/uploads\/2025\/11\/1-1152x1536.jpeg 1152w\" sizes=\"auto, (max-width: 1200px) 100vw, 1200px\" \/>\n<\/div>\n\n\n\n<div class=\"wp-block-column is-vertically-aligned-center is-layout-flow wp-block-column-is-layout-flow\" style=\"flex-basis:66.66%\">\n<p class=\"gb-text gb-text-4361dc7e\">En Pinturas Emilio\u2019s contamos con una fachada amplia, visible y f\u00e1cil de identificar, dise\u00f1ada para que nuestros clientes puedan encontrarnos sin dificultad. El frente del local luce nuestro distintivo letrero multicolor, que representa la variedad de productos que ofrecemos, acompa\u00f1ado de un acceso abierto y c\u00f3modo que invita a entrar y recibir atenci\u00f3n inmediata.<\/p>\n<\/div>\n<\/div>\n\n\n\n\n\n\n<\/div>\n","protected":false},"excerpt":{"rendered":"<p>\u201cLa mejor pintura al mejor precio\u201d Conoce un poco de nosotros Ofrecemos una completa gama de pinturas vin\u00edlicas, esmaltes, barnices y pintura automotriz, ideales para todos los proyectos: desde interiores y exteriores hasta acabados profesionales en veh\u00edculos. Calidad confiable, acabados duraderos y precios competitivos que se adaptan a tu presupuesto. En Pinturas Emilio\u2019s contamos con [&hellip;]<\/p>\n","protected":false},"author":1,"featured_media":0,"parent":0,"menu_order":0,"comment_status":"closed","ping_status":"closed","template":"page-no-title","meta":{"_acf_changed":false,"footnotes":""},"class_list":["post-15","page","type-page","status-publish","hentry"],"acf":[],"_links":{"self":[{"href":"https:\/\/pinturasemilios.directorio-comercial.com\/index.php?rest_route=\/wp\/v2\/pages\/15","targetHints":{"allow":["GET"]}}],"collection":[{"href":"https:\/\/pinturasemilios.directorio-comercial.com\/index.php?rest_route=\/wp\/v2\/pages"}],"about":[{"href":"https:\/\/pinturasemilios.directorio-comercial.com\/index.php?rest_route=\/wp\/v2\/types\/page"}],"author":[{"embeddable":true,"href":"https:\/\/pinturasemilios.directorio-comercial.com\/index.php?rest_route=\/wp\/v2\/users\/1"}],"replies":[{"embeddable":true,"href":"https:\/\/pinturasemilios.directorio-comercial.com\/index.php?rest_route=%2Fwp%2Fv2%2Fcomments&post=15"}],"version-history":[{"count":5,"href":"https:\/\/pinturasemilios.directorio-comercial.com\/index.php?rest_route=\/wp\/v2\/pages\/15\/revisions"}],"predecessor-version":[{"id":50,"href":"https:\/\/pinturasemilios.directorio-comercial.com\/index.php?rest_route=\/wp\/v2\/pages\/15\/revisions\/50"}],"wp:attachment":[{"href":"https:\/\/pinturasemilios.directorio-comercial.com\/index.php?rest_route=%2Fwp%2Fv2%2Fmedia&parent=15"}],"curies":[{"name":"wp","href":"https:\/\/api.w.org\/{rel}","templated":true}]}}